{"id":22060,"date":"2025-09-10T14:52:18","date_gmt":"2025-09-10T12:52:18","guid":{"rendered":"https:\/\/interesting-khorana.85-215-116-187.plesk.page\/?page_id=22060"},"modified":"2026-03-23T17:03:59","modified_gmt":"2026-03-23T16:03:59","slug":"unser-team","status":"publish","type":"page","link":"https:\/\/nohona.ch\/index.php\/unser-team\/","title":{"rendered":"Unser Team"},"content":{"rendered":"\t\t<div data-elementor-type=\"wp-page\" data-elementor-id=\"22060\" class=\"elementor elementor-22060\" data-elementor-post-type=\"page\">\n\t\t\t\t\t\t<section class=\"elementor-section elementor-top-section elementor-element elementor-element-6495ae2 elementor-section-wide elementor-section-column-vertical-align-middle elementor-section-gap-beside-yes elementor-section-height-default elementor-section-height-default\" data-id=\"6495ae2\" data-element_type=\"section\" data-e-type=\"section\" data-settings=\"{&quot;background_background&quot;:&quot;classic&quot;}\">\n\t\t\t\t\t\t\t<div class=\"elementor-background-overlay\"><\/div>\n\t\t\t\t\t\t\t<div class=\"elementor-container elementor-column-gap-default\">\n\t\t\t\t\t<div class=\"elementor-column elementor-col-100 elementor-top-column elementor-element elementor-element-021600c\" data-id=\"021600c\" data-element_type=\"column\" data-e-type=\"column\">\n\t\t\t<div class=\"elementor-widget-wrap elementor-element-populated\">\n\t\t\t\t\t\t<div class=\"elementor-element elementor-element-6658b40 elementor-widget elementor-widget-tm-heading\" data-id=\"6658b40\" data-element_type=\"widget\" data-e-type=\"widget\" data-widget_type=\"tm-heading.default\">\n\t\t\t\t<div class=\"elementor-widget-container\">\n\t\t\t\t\t\t\t<div class=\"tm-modern-heading tm-modern-heading--style-01 tm-modern-heading--highlight-style-01\">\n\t\t\t\n\t\t\t\t\t<div class=\"heading-primary-wrap\">\n\t\t\t<h2 class=\"heading-primary elementor-heading-title\">Unser Team<\/h2>\t\t<\/div>\n\t\t\n\t\t\t\n\t\t\t\t\t<\/div>\n\t\t\t\t\t\t<\/div>\n\t\t\t\t<\/div>\n\t\t\t\t\t<\/div>\n\t\t<\/div>\n\t\t\t\t\t<\/div>\n\t\t<\/section>\n\t\t<div class=\"elementor-element elementor-element-0c0b8b0 e-flex e-con-boxed e-con e-parent\" data-id=\"0c0b8b0\" data-element_type=\"container\" data-e-type=\"container\">\n\t\t\t\t\t<div class=\"e-con-inner\">\n\t\t\t\t<div class=\"elementor-element elementor-element-1791313 elementor-widget elementor-widget-tm-heading\" data-id=\"1791313\" data-element_type=\"widget\" data-e-type=\"widget\" data-widget_type=\"tm-heading.default\">\n\t\t\t\t<div class=\"elementor-widget-container\">\n\t\t\t\t\t\t\t<div class=\"tm-modern-heading tm-modern-heading--style-01 tm-modern-heading--highlight-style-01\">\n\t\t\t\n\t\t\t\n\t\t\t\n\t\t\t\t\t<div class=\"heading-description-wrap\">\n\t\t\t<div class=\"heading-description\">\n\t\t\t\t<div id=\"bgLayers_comp-m7xxooiy\" class=\"MW5IWV\" data-hook=\"bgLayers\" data-motion-part=\"BG_LAYER comp-m7xxooiy\"><div id=\"bgMedia_comp-m7xxooiy\" class=\"VgO9Yg\" data-motion-part=\"BG_MEDIA comp-m7xxooiy\">Nohona versteht sich als Plattform, die junge Erwachsene auf ihrem Weg in die Berufswelt begleitet und unterst\u00fctzt. Das Projekt f\u00f6rdert nicht nur die pers\u00f6nliche, sondern auch die berufliche Entwicklung, indem es den Austausch mit Fachleuten und gleichgesinnten Teilnehmern erm\u00f6glicht. Durch den Aufbau eines starken Netzwerks wird die langfristige berufliche und pers\u00f6nliche Entwicklung nachhaltig gest\u00e4rkt.<\/div><\/div>\t\t\t<\/div>\n\t\t<\/div>\n\t\t\t\t<\/div>\n\t\t\t\t\t\t<\/div>\n\t\t\t\t<\/div>\n\t\t\t\t\t<\/div>\n\t\t\t\t<\/div>\n\t\t\t\t<section class=\"elementor-section elementor-top-section elementor-element elementor-element-d468154 elementor-section-boxed elementor-section-gap-beside-yes elementor-section-height-default elementor-section-height-default elementor-section-content-align-center elementor-section-column-vertical-align-stretch\" data-id=\"d468154\" data-element_type=\"section\" data-e-type=\"section\">\n\t\t\t\t\t\t<div class=\"elementor-container elementor-column-gap-extended\">\n\t\t\t\t\t<div class=\"elementor-column elementor-col-50 elementor-top-column elementor-element elementor-element-0aa5890\" data-id=\"0aa5890\" data-element_type=\"column\" data-e-type=\"column\">\n\t\t\t<div class=\"elementor-widget-wrap elementor-element-populated\">\n\t\t\t\t\t\t<div class=\"elementor-element elementor-element-8033652 elementor-widget elementor-widget-image\" data-id=\"8033652\" data-element_type=\"widget\" data-e-type=\"widget\" data-widget_type=\"image.default\">\n\t\t\t\t\t\t\t\t\t\t\t\t\t\t\t<img fetchpriority=\"high\" decoding=\"async\" width=\"640\" height=\"960\" src=\"https:\/\/nohona.ch\/wp-content\/uploads\/2026\/03\/Q20H4076-683x1024.jpg\" class=\"attachment-large size-large wp-image-22583\" alt=\"\" srcset=\"https:\/\/nohona.ch\/wp-content\/uploads\/2026\/03\/Q20H4076-683x1024.jpg 683w, https:\/\/nohona.ch\/wp-content\/uploads\/2026\/03\/Q20H4076-133x200.jpg 133w, https:\/\/nohona.ch\/wp-content\/uploads\/2026\/03\/Q20H4076-600x900.jpg 600w, https:\/\/nohona.ch\/wp-content\/uploads\/2026\/03\/Q20H4076-200x300.jpg 200w, https:\/\/nohona.ch\/wp-content\/uploads\/2026\/03\/Q20H4076-768x1151.jpg 768w, https:\/\/nohona.ch\/wp-content\/uploads\/2026\/03\/Q20H4076-1025x1536.jpg 1025w, https:\/\/nohona.ch\/wp-content\/uploads\/2026\/03\/Q20H4076-1366x2048.jpg 1366w\" sizes=\"(max-width: 640px) 100vw, 640px\" \/>\t\t\t\t\t\t\t\t\t\t\t\t\t\t\t<\/div>\n\t\t\t\t<div class=\"elementor-element elementor-element-92697d7 elementor-widget elementor-widget-spacer\" data-id=\"92697d7\" data-element_type=\"widget\" data-e-type=\"widget\" data-widget_type=\"spacer.default\">\n\t\t\t\t\t\t\t<div class=\"elementor-spacer\">\n\t\t\t<div class=\"elementor-spacer-inner\"><\/div>\n\t\t<\/div>\n\t\t\t\t\t\t<\/div>\n\t\t\t\t<div class=\"elementor-element elementor-element-180a1cd elementor-widget elementor-widget-heading\" data-id=\"180a1cd\" data-element_type=\"widget\" data-e-type=\"widget\" data-widget_type=\"heading.default\">\n\t\t\t\t\t<h3 class=\"elementor-heading-title elementor-size-default\">Sabine Kaufmann<\/h3>\t\t\t\t<\/div>\n\t\t\t\t<div class=\"elementor-element elementor-element-d25dbdf elementor-widget elementor-widget-text-editor\" data-id=\"d25dbdf\" data-element_type=\"widget\" data-e-type=\"widget\" data-widget_type=\"text-editor.default\">\n\t\t\t\t\t\t\t\t\t<p>Founder<\/p>\t\t\t\t\t\t\t\t<\/div>\n\t\t\t\t<div class=\"elementor-element elementor-element-81743a7 elementor-widget elementor-widget-spacer\" data-id=\"81743a7\" data-element_type=\"widget\" data-e-type=\"widget\" data-widget_type=\"spacer.default\">\n\t\t\t\t\t\t\t<div class=\"elementor-spacer\">\n\t\t\t<div class=\"elementor-spacer-inner\"><\/div>\n\t\t<\/div>\n\t\t\t\t\t\t<\/div>\n\t\t\t\t<div class=\"elementor-element elementor-element-fb4f0b6 elementor-widget elementor-widget-text-editor\" data-id=\"fb4f0b6\" data-element_type=\"widget\" data-e-type=\"widget\" data-widget_type=\"text-editor.default\">\n\t\t\t\t\t\t\t\t\t<p>Sabine Kaufmann ist eine ideenreiche und authentische Sozialarbeiterin FH, die 2019 den Mut hatte, ihre erste Firma zu gr\u00fcnden, um soziale Innovationen zu schaffen. Mit einer tiefen Leidenschaft f\u00fcr Kraftsport verbindet sie k\u00f6rperliche St\u00e4rke und mentale Disziplin in ihrer beruflichen Mission.<\/p><p>Ihre Vision ist es, Menschen durch klare Strukturen, gezielte Unterst\u00fctzung und die Kraft des Sports optimal auf ihre Ausbildung und ihr Leben vorzubereiten. Sie glaubt fest daran, dass Bewegung, mentale St\u00e4rke und ein geordneter Alltag die Grundpfeiler f\u00fcr Erfolg und ein starkes Selbstbewusstsein sind.<\/p><p>Mit Kreativit\u00e4t, Durchhalteverm\u00f6gen und einem unersch\u00fctterlichen Glauben an das Potenzial jedes Einzelnen arbeitet sie daran, die n\u00e4chste Generation zu inspirieren und zu f\u00f6rdern.<\/p>\t\t\t\t\t\t\t\t<\/div>\n\t\t\t\t\t<\/div>\n\t\t<\/div>\n\t\t\t\t<div class=\"elementor-column elementor-col-50 elementor-top-column elementor-element elementor-element-0a2eab5\" data-id=\"0a2eab5\" data-element_type=\"column\" data-e-type=\"column\">\n\t\t\t<div class=\"elementor-widget-wrap elementor-element-populated\">\n\t\t\t\t\t\t<div class=\"elementor-element elementor-element-4d91d0c elementor-widget elementor-widget-image\" data-id=\"4d91d0c\" data-element_type=\"widget\" data-e-type=\"widget\" data-widget_type=\"image.default\">\n\t\t\t\t\t\t\t\t\t\t\t\t\t\t\t<img decoding=\"async\" width=\"640\" height=\"960\" src=\"https:\/\/nohona.ch\/wp-content\/uploads\/2026\/03\/Q20H3804-683x1024.jpg\" class=\"attachment-large size-large wp-image-22584\" alt=\"\" srcset=\"https:\/\/nohona.ch\/wp-content\/uploads\/2026\/03\/Q20H3804-683x1024.jpg 683w, https:\/\/nohona.ch\/wp-content\/uploads\/2026\/03\/Q20H3804-133x200.jpg 133w, https:\/\/nohona.ch\/wp-content\/uploads\/2026\/03\/Q20H3804-600x900.jpg 600w, https:\/\/nohona.ch\/wp-content\/uploads\/2026\/03\/Q20H3804-200x300.jpg 200w, https:\/\/nohona.ch\/wp-content\/uploads\/2026\/03\/Q20H3804-768x1151.jpg 768w, https:\/\/nohona.ch\/wp-content\/uploads\/2026\/03\/Q20H3804-1025x1536.jpg 1025w, https:\/\/nohona.ch\/wp-content\/uploads\/2026\/03\/Q20H3804-1366x2048.jpg 1366w\" sizes=\"(max-width: 640px) 100vw, 640px\" \/>\t\t\t\t\t\t\t\t\t\t\t\t\t\t\t<\/div>\n\t\t\t\t<div class=\"elementor-element elementor-element-8ebe59f elementor-widget elementor-widget-spacer\" data-id=\"8ebe59f\" data-element_type=\"widget\" data-e-type=\"widget\" data-widget_type=\"spacer.default\">\n\t\t\t\t\t\t\t<div class=\"elementor-spacer\">\n\t\t\t<div class=\"elementor-spacer-inner\"><\/div>\n\t\t<\/div>\n\t\t\t\t\t\t<\/div>\n\t\t\t\t<div class=\"elementor-element elementor-element-07fbb8b elementor-widget elementor-widget-heading\" data-id=\"07fbb8b\" data-element_type=\"widget\" data-e-type=\"widget\" data-widget_type=\"heading.default\">\n\t\t\t\t\t<h3 class=\"elementor-heading-title elementor-size-default\">Cyril Henry<\/h3>\t\t\t\t<\/div>\n\t\t\t\t<div class=\"elementor-element elementor-element-6b23057 elementor-widget elementor-widget-text-editor\" data-id=\"6b23057\" data-element_type=\"widget\" data-e-type=\"widget\" data-widget_type=\"text-editor.default\">\n\t\t\t\t\t\t\t\t\t<p>Co-Founder<\/p>\t\t\t\t\t\t\t\t<\/div>\n\t\t\t\t<div class=\"elementor-element elementor-element-b9d8ea8 elementor-widget elementor-widget-spacer\" data-id=\"b9d8ea8\" data-element_type=\"widget\" data-e-type=\"widget\" data-widget_type=\"spacer.default\">\n\t\t\t\t\t\t\t<div class=\"elementor-spacer\">\n\t\t\t<div class=\"elementor-spacer-inner\"><\/div>\n\t\t<\/div>\n\t\t\t\t\t\t<\/div>\n\t\t\t\t<div class=\"elementor-element elementor-element-28c6661 elementor-widget elementor-widget-text-editor\" data-id=\"28c6661\" data-element_type=\"widget\" data-e-type=\"widget\" data-widget_type=\"text-editor.default\">\n\t\t\t\t\t\t\t\t\t<p>Cyril Henry ist ein Schweizer Fitness-Influencer, ehemaliger Profi-Skater und ausgebildeter Sozialp\u00e4dagoge. Nach einer erfolgreichen Karriere im Skaten, die durch eine Knieverletzung abrupt endete, entschloss sich Cyril, seine Leidenschaft f\u00fcr Fitness mit seinem sozialen Engagement zu verbinden. W\u00e4hrend seiner sozialp\u00e4dagogischen Ausbildung in einer Kindertagesst\u00e4tte entdeckte er seine Leidenschaft f\u00fcr die Arbeit mit Menschen, insbesondere Kindern und Menschen mit besonderen Bed\u00fcrfnissen. Diese Erfahrung pr\u00e4gt noch heute seinen Ansatz, Fitness und Lebensberatung mit Empathie und Verst\u00e4ndnis zu verbinden.<\/p><p>2014 gewann er den MensHealth-Wettbewerb, was den Beginn seiner Karriere als Fitness-Athlet und Coach markierte. Mit \u00fcber 9 Jahren Erfahrung in der Fitnessbranche, zahlreichen Sponsoren und Medienauftritten hat Cyril es sich zur Aufgabe gemacht, Menschen nicht nur zu einem besseren K\u00f6rper, sondern auch zu einem erf\u00fcllteren Leben zu verhelfen. Sein ganzheitlicher Ansatz vereint sportliche Disziplin mit sozialp\u00e4dagogischer Sensibilit\u00e4t \u2013 eine Kombination, die ihm erlaubt, Menschen auf allen Ebenen zu unterst\u00fctzen und zu motivieren.<\/p>\t\t\t\t\t\t\t\t<\/div>\n\t\t\t\t\t<\/div>\n\t\t<\/div>\n\t\t\t\t\t<\/div>\n\t\t<\/section>\n\t\t\t\t<\/div>\n\t\t","protected":false},"excerpt":{"rendered":"<p>Unser Team Nohona versteht sich als Plattform, die junge Erwachsene auf ihrem Weg in die Berufswelt begleitet und unterst\u00fctzt. Das Projekt f\u00f6rdert nicht nur die pers\u00f6nliche, sondern auch die berufliche Entwicklung, indem es den Austausch mit Fachleuten und gleichgesinnten Teilnehmern erm\u00f6glicht. Durch den Aufbau eines starken Netzwerks wird die langfristige berufliche und pers\u00f6nliche Entwicklung nachhaltig gest\u00e4rkt. Sabine Kaufmann Founder Sabine Kaufmann ist eine ideenreiche und authentische Sozialarbeiterin FH, die 2019 den Mut hatte, ihre erste Firma zu gr\u00fcnden, um soziale Innovationen zu schaffen. Mit einer tiefen Leidenschaft f\u00fcr Kraftsport verbindet sie k\u00f6rperliche St\u00e4rke und mentale Disziplin in ihrer beruflichen Mission. Ihre Vision ist es, Menschen durch klare Strukturen, gezielte Unterst\u00fctzung und die Kraft des Sports optimal auf ihre Ausbildung und ihr Leben vorzubereiten. Sie glaubt fest daran, dass Bewegung, mentale St\u00e4rke und ein geordneter Alltag die Grundpfeiler f\u00fcr Erfolg und ein starkes Selbstbewusstsein sind. Mit Kreativit\u00e4t, Durchhalteverm\u00f6gen und einem unersch\u00fctterlichen Glauben an das Potenzial jedes Einzelnen arbeitet sie daran, die n\u00e4chste Generation zu inspirieren und zu f\u00f6rdern. Cyril Henry Co-Founder Cyril Henry ist ein Schweizer Fitness-Influencer, ehemaliger Profi-Skater und ausgebildeter Sozialp\u00e4dagoge. Nach einer erfolgreichen Karriere im Skaten, die durch eine Knieverletzung abrupt endete, entschloss sich Cyril, seine Leidenschaft f\u00fcr Fitness mit seinem sozialen Engagement zu verbinden. W\u00e4hrend seiner sozialp\u00e4dagogischen Ausbildung in einer Kindertagesst\u00e4tte entdeckte er seine Leidenschaft f\u00fcr die Arbeit mit Menschen, insbesondere Kindern und Menschen mit besonderen Bed\u00fcrfnissen. Diese Erfahrung pr\u00e4gt noch heute seinen Ansatz, Fitness und Lebensberatung mit Empathie und Verst\u00e4ndnis zu verbinden. 2014 gewann er den MensHealth-Wettbewerb, was den Beginn seiner Karriere als Fitness-Athlet und Coach markierte. Mit \u00fcber 9 Jahren Erfahrung in der Fitnessbranche, zahlreichen Sponsoren und Medienauftritten hat Cyril es sich zur Aufgabe gemacht, Menschen nicht nur zu einem besseren K\u00f6rper, sondern auch zu einem erf\u00fcllteren Leben zu verhelfen. Sein ganzheitlicher Ansatz vereint sportliche Disziplin mit sozialp\u00e4dagogischer Sensibilit\u00e4t \u2013 eine Kombination, die ihm erlaubt, Menschen auf allen Ebenen zu unterst\u00fctzen und zu motivieren.<\/p>\n","protected":false},"author":2,"featured_media":0,"parent":0,"menu_order":0,"comment_status":"closed","ping_status":"closed","template":"elementor_header_footer","meta":{"footnotes":""},"class_list":["post-22060","page","type-page","status-publish","hentry","post-no-thumbnail"],"_links":{"self":[{"href":"https:\/\/nohona.ch\/index.php\/wp-json\/wp\/v2\/pages\/22060","targetHints":{"allow":["GET"]}}],"collection":[{"href":"https:\/\/nohona.ch\/index.php\/wp-json\/wp\/v2\/pages"}],"about":[{"href":"https:\/\/nohona.ch\/index.php\/wp-json\/wp\/v2\/types\/page"}],"author":[{"embeddable":true,"href":"https:\/\/nohona.ch\/index.php\/wp-json\/wp\/v2\/users\/2"}],"replies":[{"embeddable":true,"href":"https:\/\/nohona.ch\/index.php\/wp-json\/wp\/v2\/comments?post=22060"}],"version-history":[{"count":34,"href":"https:\/\/nohona.ch\/index.php\/wp-json\/wp\/v2\/pages\/22060\/revisions"}],"predecessor-version":[{"id":22587,"href":"https:\/\/nohona.ch\/index.php\/wp-json\/wp\/v2\/pages\/22060\/revisions\/22587"}],"wp:attachment":[{"href":"https:\/\/nohona.ch\/index.php\/wp-json\/wp\/v2\/media?parent=22060"}],"curies":[{"name":"wp","href":"https:\/\/api.w.org\/{rel}","templated":true}]}}