{"id":22058,"date":"2025-09-10T14:18:14","date_gmt":"2025-09-10T12:18:14","guid":{"rendered":"https:\/\/interesting-khorana.85-215-116-187.plesk.page\/?page_id=22058"},"modified":"2025-09-17T17:45:01","modified_gmt":"2025-09-17T15:45:01","slug":"ueber-nohona","status":"publish","type":"page","link":"https:\/\/nohona.ch\/index.php\/ueber-nohona\/","title":{"rendered":"\u00dcber Nohona"},"content":{"rendered":"\t\t<div data-elementor-type=\"wp-page\" data-elementor-id=\"22058\" class=\"elementor elementor-22058\" data-elementor-post-type=\"page\">\n\t\t\t\t\t\t<section class=\"elementor-section elementor-top-section elementor-element elementor-element-4ed56cd elementor-section-wide elementor-section-column-vertical-align-middle elementor-section-gap-beside-yes elementor-section-height-default elementor-section-height-default\" data-id=\"4ed56cd\" data-element_type=\"section\" data-e-type=\"section\" data-settings=\"{&quot;background_background&quot;:&quot;classic&quot;}\">\n\t\t\t\t\t\t\t<div class=\"elementor-background-overlay\"><\/div>\n\t\t\t\t\t\t\t<div class=\"elementor-container elementor-column-gap-default\">\n\t\t\t\t\t<div class=\"elementor-column elementor-col-100 elementor-top-column elementor-element elementor-element-661e987\" data-id=\"661e987\" data-element_type=\"column\" data-e-type=\"column\">\n\t\t\t<div class=\"elementor-widget-wrap elementor-element-populated\">\n\t\t\t\t\t\t<div class=\"elementor-element elementor-element-dcfe389 elementor-widget elementor-widget-tm-heading\" data-id=\"dcfe389\" data-element_type=\"widget\" data-e-type=\"widget\" data-widget_type=\"tm-heading.default\">\n\t\t\t\t<div class=\"elementor-widget-container\">\n\t\t\t\t\t\t\t<div class=\"tm-modern-heading tm-modern-heading--style-01 tm-modern-heading--highlight-style-01\">\n\t\t\t\n\t\t\t\t\t<div class=\"heading-primary-wrap\">\n\t\t\t<h2 class=\"heading-primary elementor-heading-title\">\u00dcber Nohona<\/h2>\t\t<\/div>\n\t\t\n\t\t\t\n\t\t\t\t\t<\/div>\n\t\t\t\t\t\t<\/div>\n\t\t\t\t<\/div>\n\t\t\t\t\t<\/div>\n\t\t<\/div>\n\t\t\t\t\t<\/div>\n\t\t<\/section>\n\t\t\t\t<section class=\"elementor-section elementor-top-section elementor-element elementor-element-5837e31 elementor-section-wide elementor-section-content-middle elementor-section-gap-beside-yes elementor-section-height-default elementor-section-height-default elementor-section-column-vertical-align-stretch\" data-id=\"5837e31\" data-element_type=\"section\" data-e-type=\"section\">\n\t\t\t\t\t\t<div class=\"elementor-container elementor-column-gap-extended\">\n\t\t\t\t\t<div class=\"elementor-column elementor-col-50 elementor-top-column elementor-element elementor-element-aa45706\" data-id=\"aa45706\" data-element_type=\"column\" data-e-type=\"column\">\n\t\t\t<div class=\"elementor-widget-wrap elementor-element-populated\">\n\t\t\t\t\t\t<div class=\"elementor-element elementor-element-76b9970 elementor-widget elementor-widget-tm-modern-image\" data-id=\"76b9970\" data-element_type=\"widget\" data-e-type=\"widget\" data-widget_type=\"tm-modern-image.default\">\n\t\t\t\t<div class=\"elementor-widget-container\">\n\t\t\t\t\t\t\t<div class=\"tm-modern-image\">\n\t\t\t\t\t\t\t<div class=\"minimog-box\">\n\t\t\t\t\t<div class=\"minimog-image\">\t\t\t\t\t<m-image class=\"minimog-lazy-image\" style=\"--lazy-image-width: 1440px;--lazy-image-height: 100%;\" data-image-loading><img loading=\"lazy\" decoding=\"async\"  src=\"https:\/\/nohona.ch\/wp-content\/uploads\/2025\/09\/485881812_17852265072421150_4267413441040975133_n.jpg\" width=\"1440\" height=\"1440\" alt=\"485881812_17852265072421150_4267413441040975133_n\" loading=\"lazy\" class=\"attachment-full size-full\" \/><\/m-image>\t\t\t\t\t<\/div>\t\t\t\t<\/div>\n\t\t\t\t\t\t\t\t\t\t<\/div>\n\t\t\t\t\t\t<\/div>\n\t\t\t\t<\/div>\n\t\t\t\t\t<\/div>\n\t\t<\/div>\n\t\t\t\t<div class=\"elementor-column elementor-col-50 elementor-top-column elementor-element elementor-element-e85ac86\" data-id=\"e85ac86\" data-element_type=\"column\" data-e-type=\"column\">\n\t\t\t<div class=\"elementor-widget-wrap elementor-element-populated\">\n\t\t\t\t\t\t<div class=\"elementor-element elementor-element-63837ff elementor-widget elementor-widget-tm-modern-image\" data-id=\"63837ff\" data-element_type=\"widget\" data-e-type=\"widget\" data-widget_type=\"tm-modern-image.default\">\n\t\t\t\t<div class=\"elementor-widget-container\">\n\t\t\t\t\t\t\t<div class=\"tm-modern-image\">\n\t\t\t\t\t\t\t<div class=\"minimog-box\">\n\t\t\t\t\t<div class=\"minimog-image\">\t\t\t\t\t<m-image class=\"minimog-lazy-image\" style=\"--lazy-image-width: 238px;--lazy-image-height: 100%;\" data-image-loading><img loading=\"lazy\" decoding=\"async\"  src=\"https:\/\/nohona.ch\/wp-content\/uploads\/2025\/08\/nohona-logo-qual.png\" width=\"238\" height=\"238\" alt=\"nohona-logo-qual\" loading=\"lazy\" class=\"attachment-full size-full\" \/><\/m-image>\t\t\t\t\t<\/div>\t\t\t\t<\/div>\n\t\t\t\t\t\t\t\t\t\t<\/div>\n\t\t\t\t\t\t<\/div>\n\t\t\t\t<\/div>\n\t\t\t\t<div class=\"elementor-element elementor-element-ef712ac elementor-widget elementor-widget-tm-heading\" data-id=\"ef712ac\" data-element_type=\"widget\" data-e-type=\"widget\" data-widget_type=\"tm-heading.default\">\n\t\t\t\t<div class=\"elementor-widget-container\">\n\t\t\t\t\t\t\t<div class=\"tm-modern-heading tm-modern-heading--style-01 tm-modern-heading--highlight-style-01\">\n\t\t\t\n\t\t\t\t\t<div class=\"heading-primary-wrap\">\n\t\t\t<h3 class=\"heading-primary elementor-heading-title\">Wo ist das Nohona<\/h3>\t\t<\/div>\n\t\t\n\t\t\t\n\t\t\t\t\t<div class=\"heading-description-wrap\">\n\t\t\t<div class=\"heading-description\">\n\t\t\t\t<p>Wir unterrichten in verschiedenen Fitnesscenter (Standort B\u00fclach, Schlieren) Die Bewerbungswerkstatt und die Motivationsmodule finden ebenfalls in B\u00fclach und Schlieren statt.<\/p>\t\t\t<\/div>\n\t\t<\/div>\n\t\t\t\t<\/div>\n\t\t\t\t\t\t<\/div>\n\t\t\t\t<\/div>\n\t\t\t\t\t<\/div>\n\t\t<\/div>\n\t\t\t\t\t<\/div>\n\t\t<\/section>\n\t\t\t\t<section class=\"elementor-section elementor-top-section elementor-element elementor-element-9486d13 elementor-section-boxed elementor-section-gap-beside-yes elementor-section-height-default elementor-section-height-default elementor-section-column-vertical-align-stretch\" data-id=\"9486d13\" data-element_type=\"section\" data-e-type=\"section\" data-settings=\"{&quot;background_background&quot;:&quot;classic&quot;}\">\n\t\t\t\t\t\t<div class=\"elementor-container elementor-column-gap-default\">\n\t\t\t\t\t<div class=\"elementor-column elementor-col-100 elementor-top-column elementor-element elementor-element-3dba2e5\" data-id=\"3dba2e5\" data-element_type=\"column\" data-e-type=\"column\">\n\t\t\t<div class=\"elementor-widget-wrap elementor-element-populated\">\n\t\t\t\t\t\t<div class=\"elementor-element elementor-element-533b75f elementor-widget elementor-widget-tm-heading\" data-id=\"533b75f\" data-element_type=\"widget\" data-e-type=\"widget\" data-widget_type=\"tm-heading.default\">\n\t\t\t\t<div class=\"elementor-widget-container\">\n\t\t\t\t\t\t\t<div class=\"tm-modern-heading tm-modern-heading--style-01 tm-modern-heading--highlight-style-01\">\n\t\t\t\n\t\t\t\t\t<div class=\"heading-primary-wrap\">\n\t\t\t<h3 class=\"heading-primary elementor-heading-title\">\u00dcber Nohona<\/h3>\t\t<\/div>\n\t\t\n\t\t\t\n\t\t\t\t\t<div class=\"heading-description-wrap\">\n\t\t\t<div class=\"heading-description\">\n\t\t\t\t<div id=\"bgLayers_comp-m7xxooiy\" class=\"MW5IWV\" data-hook=\"bgLayers\" data-motion-part=\"BG_LAYER comp-m7xxooiy\"><div id=\"bgMedia_comp-m7xxooiy\" class=\"VgO9Yg\" data-motion-part=\"BG_MEDIA comp-m7xxooiy\">Nohona ist ein innovatives Projekt zur ganzheitlichen F\u00f6rderung junger Erwachsener. Im Mittelpunkt stehen ihre pers\u00f6nliche Entwicklung, soziale St\u00e4rkung und der Einstieg in die Arbeitswelt. Das Angebot verbindet klare Tagesstrukturen, lebensnahe Workshops und individuelle Begleitung, um jungen Menschen Orientierung und neue Perspektiven f\u00fcr ihre Zukunft zu bieten.<\/div><div data-motion-part=\"BG_MEDIA comp-m7xxooiy\">\u00a0<\/div><div data-motion-part=\"BG_MEDIA comp-m7xxooiy\">Entstanden aus einem inspirierenden Austausch zwischen zwei Pers\u00f6nlichkeiten, die an die Kraft von Gemeinschaft und pers\u00f6nlichem Wachstum glauben, steht nohona f\u00fcr ein modernes, praxisnahes Lebenscoaching. Bewegung spielt dabei eine unterst\u00fctzende Rolle \u2013 nicht als Selbstzweck, sondern als Werkzeug zur F\u00f6rderung von Ausgeglichenheit, Disziplin und innerer Stabilit\u00e4t. Was somit auch den Erfolg f\u00fcr eine nachhaltige Vernetzung in die Berufs-bzw. Arbeitswelt erh\u00f6ht.<\/div><div data-motion-part=\"BG_MEDIA comp-m7xxooiy\">\u00a0<\/div><\/div><div data-motion-part=\"BG_MEDIA comp-m7xxooiy\">Nohona will Mut machen, Eigenverantwortung f\u00f6rdern und junge Menschen in ihrem individuellen Prozess st\u00e4rken \u2013 ob bei der Berufsfindung, beim Bewerben um eine Lehrstelle oder im Umgang mit den Herausforderungen des Alltags. Ziel ist es, ihre Potenziale sichtbar zu machen und sie dazu zu bef\u00e4higen, ihre Zukunft aktiv mitzugestalten.<\/div><div data-motion-part=\"BG_MEDIA comp-m7xxooiy\"><br \/>Die Plattform bietet einen gesch\u00fctzten Raum f\u00fcr Austausch, Reflexion und gemeinsames Lernen. Dabei stehen Gemeinschaft, gegenseitige Unterst\u00fctzung und nachhaltige Entwicklung im Zentrum \u2013 mit dem Anspruch, jungen Erwachsenen nicht nur Werkzeuge f\u00fcr den Beruf, sondern auch f\u00fcr ein selbstbestimmtes Leben mitzugeben.<\/div>\t\t\t<\/div>\n\t\t<\/div>\n\t\t\t\t<\/div>\n\t\t\t\t\t\t<\/div>\n\t\t\t\t<\/div>\n\t\t\t\t\t<\/div>\n\t\t<\/div>\n\t\t\t\t\t<\/div>\n\t\t<\/section>\n\t\t\t\t<section class=\"elementor-section elementor-top-section elementor-element elementor-element-e7ff1e8 elementor-section-wide elementor-section-content-middle elementor-section-gap-beside-yes elementor-section-height-default elementor-section-height-default elementor-section-column-vertical-align-stretch\" data-id=\"e7ff1e8\" data-element_type=\"section\" data-e-type=\"section\">\n\t\t\t\t\t\t<div class=\"elementor-container elementor-column-gap-extended\">\n\t\t\t\t\t<div class=\"elementor-column elementor-col-100 elementor-top-column elementor-element elementor-element-23bac70\" data-id=\"23bac70\" data-element_type=\"column\" data-e-type=\"column\">\n\t\t\t<div class=\"elementor-widget-wrap elementor-element-populated\">\n\t\t\t\t\t\t<div class=\"elementor-element elementor-element-cb5ebc7 elementor-widget elementor-widget-tm-image-gallery\" data-id=\"cb5ebc7\" data-element_type=\"widget\" data-e-type=\"widget\" data-widget_type=\"tm-image-gallery.default\">\n\t\t\t\t<div class=\"elementor-widget-container\">\n\t\t\t\t\t\t\t<div class=\"minimog-grid-wrapper\" data-grid=\"{&quot;type&quot;:&quot;grid&quot;,&quot;columns&quot;:3,&quot;gutter&quot;:40}\">\n\t\t\t<div class=\"minimog-grid lazy-grid\">\n\t\t\t\t<div class=\"grid-sizer\"><\/div>\n\n\t\t\t\t\t\t\t\t\t\t\t\t<div class=\"grid-item\">\n\t\t\t\t\t\t<div class=\"minimog-box\">\t\t<div class=\"minimog-image image\">\n\t\t\t<m-image class=\"minimog-lazy-image\" style=\"--lazy-image-width: 300px;--lazy-image-height: 100%;\" data-image-loading><img loading=\"lazy\" decoding=\"async\"  src=\"https:\/\/nohona.ch\/wp-content\/uploads\/2025\/09\/489142928_17854185507421150_511353533164620839_n-300x300.jpg\" width=\"300\" height=\"300\" alt=\"489142928_17854185507421150_511353533164620839_n\" loading=\"lazy\" class=\"attachment-300x300 size-300x300\" \/><\/m-image>\t\t<\/div>\n\t\t\t\t<\/div>\t\t\t\t\t<\/div>\n\t\t\t\t\t\t<div class=\"grid-item\">\n\t\t\t\t\t\t<div class=\"minimog-box\">\t\t<div class=\"minimog-image image\">\n\t\t\t<m-image class=\"minimog-lazy-image\" style=\"--lazy-image-width: 300px;--lazy-image-height: 100%;\" data-image-loading><img loading=\"lazy\" decoding=\"async\"  src=\"https:\/\/nohona.ch\/wp-content\/uploads\/2025\/09\/PHOTO-2025-09-04-13-07-08-300x300.jpg\" width=\"300\" height=\"300\" alt=\"PHOTO-2025-09-04-13-07-08\" loading=\"lazy\" class=\"attachment-300x300 size-300x300\" \/><\/m-image>\t\t<\/div>\n\t\t\t\t<\/div>\t\t\t\t\t<\/div>\n\t\t\t\t\t\t<div class=\"grid-item\">\n\t\t\t\t\t\t<div class=\"minimog-box\">\t\t<div class=\"minimog-image image\">\n\t\t\t<m-image class=\"minimog-lazy-image\" style=\"--lazy-image-width: 300px;--lazy-image-height: 100%;\" data-image-loading><img loading=\"lazy\" decoding=\"async\"  src=\"https:\/\/nohona.ch\/wp-content\/uploads\/2022\/08\/Kickstart-in-die-Woche-300x300.jpg\" width=\"300\" height=\"300\" alt=\"Kickstart-in-die-Woche\" loading=\"lazy\" class=\"attachment-300x300 size-300x300\" \/><\/m-image>\t\t<\/div>\n\t\t\t\t<\/div>\t\t\t\t\t<\/div>\n\t\t\t\t\t\t\t\n\t\t\t<\/div>\n\t\t<\/div>\n\t\t\t\t\t\t<\/div>\n\t\t\t\t<\/div>\n\t\t\t\t\t<\/div>\n\t\t<\/div>\n\t\t\t\t\t<\/div>\n\t\t<\/section>\n\t\t\t\t<\/div>\n\t\t","protected":false},"excerpt":{"rendered":"<p>\u00dcber Nohona Wo ist das Nohona Wir unterrichten in verschiedenen Fitnesscenter (Standort B\u00fclach, Schlieren) Die Bewerbungswerkstatt und die Motivationsmodule finden ebenfalls in B\u00fclach und Schlieren statt. \u00dcber Nohona Nohona ist ein innovatives Projekt zur ganzheitlichen F\u00f6rderung junger Erwachsener. Im Mittelpunkt stehen ihre pers\u00f6nliche Entwicklung, soziale St\u00e4rkung und der Einstieg in die Arbeitswelt. Das Angebot verbindet klare Tagesstrukturen, lebensnahe Workshops und individuelle Begleitung, um jungen Menschen Orientierung und neue Perspektiven f\u00fcr ihre Zukunft zu bieten.\u00a0Entstanden aus einem inspirierenden Austausch zwischen zwei Pers\u00f6nlichkeiten, die an die Kraft von Gemeinschaft und pers\u00f6nlichem Wachstum glauben, steht nohona f\u00fcr ein modernes, praxisnahes Lebenscoaching. Bewegung spielt dabei eine unterst\u00fctzende Rolle \u2013 nicht als Selbstzweck, sondern als Werkzeug zur F\u00f6rderung von Ausgeglichenheit, Disziplin und innerer Stabilit\u00e4t. Was somit auch den Erfolg f\u00fcr eine nachhaltige Vernetzung in die Berufs-bzw. Arbeitswelt erh\u00f6ht.\u00a0Nohona will Mut machen, Eigenverantwortung f\u00f6rdern und junge Menschen in ihrem individuellen Prozess st\u00e4rken \u2013 ob bei der Berufsfindung, beim Bewerben um eine Lehrstelle oder im Umgang mit den Herausforderungen des Alltags. Ziel ist es, ihre Potenziale sichtbar zu machen und sie dazu zu bef\u00e4higen, ihre Zukunft aktiv mitzugestalten.Die Plattform bietet einen gesch\u00fctzten Raum f\u00fcr Austausch, Reflexion und gemeinsames Lernen. Dabei stehen Gemeinschaft, gegenseitige Unterst\u00fctzung und nachhaltige Entwicklung im Zentrum \u2013 mit dem Anspruch, jungen Erwachsenen nicht nur Werkzeuge f\u00fcr den Beruf, sondern auch f\u00fcr ein selbstbestimmtes Leben mitzugeben.<\/p>\n","protected":false},"author":2,"featured_media":0,"parent":0,"menu_order":0,"comment_status":"closed","ping_status":"closed","template":"elementor_header_footer","meta":{"footnotes":""},"class_list":["post-22058","page","type-page","status-publish","hentry","post-no-thumbnail"],"_links":{"self":[{"href":"https:\/\/nohona.ch\/index.php\/wp-json\/wp\/v2\/pages\/22058","targetHints":{"allow":["GET"]}}],"collection":[{"href":"https:\/\/nohona.ch\/index.php\/wp-json\/wp\/v2\/pages"}],"about":[{"href":"https:\/\/nohona.ch\/index.php\/wp-json\/wp\/v2\/types\/page"}],"author":[{"embeddable":true,"href":"https:\/\/nohona.ch\/index.php\/wp-json\/wp\/v2\/users\/2"}],"replies":[{"embeddable":true,"href":"https:\/\/nohona.ch\/index.php\/wp-json\/wp\/v2\/comments?post=22058"}],"version-history":[{"count":49,"href":"https:\/\/nohona.ch\/index.php\/wp-json\/wp\/v2\/pages\/22058\/revisions"}],"predecessor-version":[{"id":22492,"href":"https:\/\/nohona.ch\/index.php\/wp-json\/wp\/v2\/pages\/22058\/revisions\/22492"}],"wp:attachment":[{"href":"https:\/\/nohona.ch\/index.php\/wp-json\/wp\/v2\/media?parent=22058"}],"curies":[{"name":"wp","href":"https:\/\/api.w.org\/{rel}","templated":true}]}}